{"id":13,"date":"2022-01-19T18:40:55","date_gmt":"2022-01-19T17:40:55","guid":{"rendered":"https:\/\/www.lamarchedubois.fr\/?page_id=13"},"modified":"2023-10-30T15:56:10","modified_gmt":"2023-10-30T14:56:10","slug":"a-propos","status":"publish","type":"page","link":"https:\/\/www.lamarchedubois.fr\/","title":{"rendered":""},"content":{"rendered":"\n<div style=\"height:27px\" aria-hidden=\"true\" class=\"wp-block-spacer\"><\/div>\n\n\n\n<div class=\"wp-block-columns is-layout-flex wp-container-core-columns-is-layout-9d6595d7 wp-block-columns-is-layout-flex\">\n<div class=\"wp-block-column is-vertically-aligned-top is-layout-flow wp-block-column-is-layout-flow\" style=\"flex-basis:33.33%\">\n<div class=\"wp-block-columns is-layout-flex wp-container-core-columns-is-layout-9d6595d7 wp-block-columns-is-layout-flex\">\n<div class=\"wp-block-column is-layout-flow wp-block-column-is-layout-flow\" style=\"flex-basis:100%\">\n<figure class=\"wp-block-image alignfull size-full\"><img fetchpriority=\"high\" decoding=\"async\" width=\"812\" height=\"812\" src=\"http:\/\/www.lamarchedubois.fr\/wp-content\/uploads\/2022\/03\/christophe2.jpg\" alt=\"\" class=\"wp-image-245\"\/><\/figure>\n<\/div>\n<\/div>\n<\/div>\n\n\n\n<div class=\"wp-block-column is-layout-flow wp-block-column-is-layout-flow\" style=\"flex-basis:66.66%\">\n<p class=\"has-medium-font-size\">Je m&rsquo;appelle Christophe Angibaud<\/p>\n\n\n\n<p class=\"has-normal-font-size\">Apr\u00e8s avoir pratiqu\u00e9 de nombreuses professions, la vie m\u2019a men\u00e9e vers le <strong>tournage sur bois<\/strong> et la <strong>randonn\u00e9e<\/strong>.<\/p>\n\n\n\n<p class=\"has-normal-font-size\">Je vis donc des fruits de la nature et j\u2019ai choisi de lui rendre la pareille en utilisant des bois de r\u00e9cup\u00e9rations, des produits naturels, en proposant des sorties riches en d\u00e9couvertes, respectueuses et en conscience.<\/p>\n\n\n\n<p>Aujourd&rsquo;hui je forme des cr\u00e9ations en bois, des personnes \u00e0 la cr\u00e9ation sur bois, et tous ceux qui comme moi, aiment la nature et s&rsquo;y promener en apprenant \u00e0 la connaitre.<\/p>\n<\/div>\n<\/div>\n\n\n\n<div class=\"wp-block-columns is-layout-flex wp-container-core-columns-is-layout-9d6595d7 wp-block-columns-is-layout-flex\">\n<div class=\"wp-block-column is-layout-flow wp-block-column-is-layout-flow\">\n<h3 class=\"wp-block-heading has-text-align-center\">Aventures en montagne<\/h3>\n\n\n\n<figure class=\"wp-block-image size-full is-style-default\"><img decoding=\"async\" width=\"800\" height=\"800\" src=\"http:\/\/www.lamarchedubois.fr\/wp-content\/uploads\/2022\/02\/MONTAGNE_carre.jpg\" alt=\"\" class=\"wp-image-192\"\/><\/figure>\n\n\n\n<p class=\"has-text-align-center\">Je vous propose de vous guider lors de vos randonn\u00e9es, de vous accompagner et vous faire d\u00e9couvrir la nature et la vie qui l&rsquo;habite. En toute saison et pour tous les niveaux. <\/p>\n\n\n\n<div class=\"wp-block-buttons is-content-justification-center is-layout-flex wp-container-core-buttons-is-layout-16018d1d wp-block-buttons-is-layout-flex\">\n<div class=\"wp-block-button\"><a class=\"wp-block-button__link wp-element-button\" href=\"https:\/\/www.lamarchedubois.fr\/?page_id=31\">Voir les propositions<\/a><\/div>\n<\/div>\n<\/div>\n\n\n\n<div class=\"wp-block-column is-vertically-aligned-top is-layout-flow wp-block-column-is-layout-flow\">\n<h3 class=\"wp-block-heading has-text-align-center\">Stages de tour \u00e0 bois<\/h3>\n\n\n\n<figure class=\"wp-block-image size-full\"><img decoding=\"async\" width=\"800\" height=\"800\" src=\"https:\/\/www.lamarchedubois.fr\/wp-content\/uploads\/2022\/01\/christohpe3.jpg\" alt=\"\" class=\"wp-image-29\"\/><\/figure>\n\n\n\n<p class=\"has-text-align-center\">Exp\u00e9rimentez le travail sensible qu\u2019est le tournage sur bois \u00e0 travers des projets de cr\u00e9ation que vous emporterez avec vous (bols, bougeoirs, cuill\u00e8re \u00e0 miel.. etc)<\/p>\n\n\n\n<div class=\"wp-block-buttons is-horizontal is-content-justification-center is-layout-flex wp-container-core-buttons-is-layout-499968f5 wp-block-buttons-is-layout-flex\">\n<div class=\"wp-block-button\"><a class=\"wp-block-button__link wp-element-button\" href=\"https:\/\/www.lamarchedubois.fr\/?page_id=33\">Voir les stages<\/a><\/div>\n<\/div>\n<\/div>\n\n\n\n<div class=\"wp-block-column is-layout-flow wp-block-column-is-layout-flow\">\n<h3 class=\"wp-block-heading has-text-align-center\">Cr\u00e9ations en bois tourn\u00e9<\/h3>\n\n\n\n<figure class=\"wp-block-image size-full\"><img loading=\"lazy\" decoding=\"async\" width=\"800\" height=\"800\" src=\"https:\/\/www.lamarchedubois.fr\/wp-content\/uploads\/2022\/01\/christohpe2.jpg\" alt=\"\" class=\"wp-image-28\"\/><\/figure>\n\n\n\n<p class=\"has-text-align-center\">Le tournage sur bois \u200best pour moi une fa\u00e7on de m\u2019exprimer, de transformer une mati\u00e8re noble, et brute en objets \u200b<u>et \u0153uvres d&rsquo;art<\/u> issus de mon imagination.<\/p>\n\n\n\n<div class=\"wp-block-buttons is-content-justification-center is-layout-flex wp-container-core-buttons-is-layout-16018d1d wp-block-buttons-is-layout-flex\">\n<div class=\"wp-block-button\"><a class=\"wp-block-button__link wp-element-button\" href=\"https:\/\/www.lamarchedubois.fr\/?page_id=35\">Voir les cr\u00e9ations<\/a><\/div>\n<\/div>\n<\/div>\n<\/div>\n\n\n\n<hr class=\"wp-block-separator has-css-opacity\"\/>\n\n\n\n\n\n<p><\/p>\n","protected":false},"excerpt":{"rendered":"<p>Je m&rsquo;appelle Christophe Angibaud Apr\u00e8s avoir pratiqu\u00e9 de nombreuses professions, la vie m\u2019a men\u00e9e vers le tournage sur bois et la randonn\u00e9e. Je vis donc<\/p>\n","protected":false},"author":1,"featured_media":0,"parent":0,"menu_order":0,"comment_status":"open","ping_status":"closed","template":"","meta":{"_glsr_average":0,"_glsr_ranking":0,"_glsr_reviews":0,"footnotes":""},"class_list":["post-13","page","type-page","status-publish","hentry"],"_links":{"self":[{"href":"https:\/\/www.lamarchedubois.fr\/index.php?rest_route=\/wp\/v2\/pages\/13","targetHints":{"allow":["GET"]}}],"collection":[{"href":"https:\/\/www.lamarchedubois.fr\/index.php?rest_route=\/wp\/v2\/pages"}],"about":[{"href":"https:\/\/www.lamarchedubois.fr\/index.php?rest_route=\/wp\/v2\/types\/page"}],"author":[{"embeddable":true,"href":"https:\/\/www.lamarchedubois.fr\/index.php?rest_route=\/wp\/v2\/users\/1"}],"replies":[{"embeddable":true,"href":"https:\/\/www.lamarchedubois.fr\/index.php?rest_route=%2Fwp%2Fv2%2Fcomments&post=13"}],"version-history":[{"count":54,"href":"https:\/\/www.lamarchedubois.fr\/index.php?rest_route=\/wp\/v2\/pages\/13\/revisions"}],"predecessor-version":[{"id":539,"href":"https:\/\/www.lamarchedubois.fr\/index.php?rest_route=\/wp\/v2\/pages\/13\/revisions\/539"}],"wp:attachment":[{"href":"https:\/\/www.lamarchedubois.fr\/index.php?rest_route=%2Fwp%2Fv2%2Fmedia&parent=13"}],"curies":[{"name":"wp","href":"https:\/\/api.w.org\/{rel}","templated":true}]}}